{"id":11344,"date":"2024-11-14T08:21:08","date_gmt":"2024-11-14T07:21:08","guid":{"rendered":"https:\/\/www.kkf-oca.ch\/?page_id=11344"},"modified":"2025-03-12T13:45:22","modified_gmt":"2025-03-12T12:45:22","slug":"horizonte-kurs-25-3","status":"publish","type":"page","link":"https:\/\/www.kkf-oca.ch\/fr\/horizonte-kurs-25-3\/","title":{"rendered":"Horizonte-Kurs 25\/3"},"content":{"rendered":"<h2><strong>N\u00e4chster Halt: BAZ<br \/>Einblick in das Bundesasylzentrum Bern<\/strong><\/h2>\n<p>Seit sechs Jahren sind Bundesasylzentren (BAZ) die erste Station f\u00fcr Gefl\u00fcchtete, die in die Schweiz einreisen und hier Asyl beantragen. Das BAZ Bern ist eines von sechs Bundesasylzentren mit Verfahrensfunktion, in welchen Asylgesuche eingereicht, gepr\u00fcft und entschieden werden. Hier befinden sich neben dem SEM alle relevanten Akteur:innen wie die RBS, die ORS Service AG sowie die interkulturellen \u00dcbersetzer:innen und die R\u00fcckkehrberater:innen unter einem Dach. Ein Rundgang durch das BAZ Bern macht das Asylverfahren und dessen Bedeutung f\u00fcr die Gefl\u00fcchteten greifbarer und beantwortet die folgenden Fragen:<\/p>\n<ul>\n<li>Welche Stationen durchlaufen Asylsuchende im Asylverfahren von ihrer Ankunft bis zu ihrer Aufnahme oder Ausreise?<\/li>\n<li>Welche Aufgaben nehmen die verschiedenen Institutionen im BAZ wahr?<\/li>\n<li>Wie ist das erweiterte Verfahren nach dem Transfer in die kantonalen Strukturen geregelt?<\/li>\n<\/ul>\n<p><strong>Referent:innen:<br \/><\/strong><span style=\"font-size: revert; color: initial;\">Mitarbeitenden des Staatsekretariats f\u00fcr Migration (SEM) und der Berner Rechtsberatungsstelle f\u00fcr Menschen in Not (RBS)<\/span><\/p>\n<p><strong>Datum: <\/strong>Dienstag, 29. April 2025 I 13.00 &#8211; 17.00 Uhr &#8211; <strong><span style=\"color: #993300;\">Der<\/span><\/strong> <strong><span style=\"color: #993300;\">Kurs ist ausgebucht.\u00a0 Wir f\u00fchren eine Warteliste<\/span><\/strong><\/p>\n<p><strong>Ort<\/strong>: Bundesasylzentrum Bern, Morillonstrasse 75, 3007 Bern<\/p>\n<p><strong>Anmeldung:<\/strong> via Web-Formular unten oder via info@kkf-oca.ch mit Betreff \u00abHorizonte 25\/3\u00bb\u00a0<\/p>\n<p><strong>Ausk\u00fcnfte<\/strong>: Lea Meier, 031 385 18 13, <a href=\"mailto:lea.meier@kkf-oca.ch\">lea.meier@kkf-oca.ch<\/a><\/p>\n<p><strong>Kosten<\/strong>: CHF 70.-<\/p>\n\n<div class=\"wpcf7 no-js\" id=\"wpcf7-f770-o1\" lang=\"de-DE\" dir=\"ltr\" data-wpcf7-id=\"770\">\n<div class=\"screen-reader-response\"><p role=\"status\" aria-live=\"polite\" aria-atomic=\"true\"><\/p> <ul><\/ul><\/div>\n<form action=\"\/fr\/wp-json\/wp\/v2\/pages\/11344#wpcf7-f770-o1\" method=\"post\" class=\"wpcf7-form init\" aria-label=\"Kontaktformular\" novalidate=\"novalidate\" data-status=\"init\">\n<fieldset class=\"hidden-fields-container\"><input type=\"hidden\" name=\"_wpcf7\" value=\"770\" \/><input type=\"hidden\" name=\"_wpcf7_version\" value=\"6.1.5\" \/><input type=\"hidden\" name=\"_wpcf7_locale\" value=\"de_DE\" \/><input type=\"hidden\" name=\"_wpcf7_unit_tag\" value=\"wpcf7-f770-o1\" \/><input type=\"hidden\" name=\"_wpcf7_container_post\" value=\"0\" \/><input type=\"hidden\" name=\"_wpcf7_posted_data_hash\" value=\"\" \/><input type=\"hidden\" name=\"_wpcf7_recaptcha_response\" value=\"\" \/>\n<\/fieldset>\n\n<p>* Pflichtfelder \/ Champs requis\n<\/p>\n<p><span class=\"wpcf7-form-control-wrap\" data-name=\"Anrede\"><span class=\"wpcf7-form-control wpcf7-radio\"><span class=\"wpcf7-list-item first\"><input type=\"radio\" name=\"Anrede\" value=\"keine Angabe \/ non sp\u00e9cifi\u00e9\" checked=\"checked\" \/><span class=\"wpcf7-list-item-label\">keine Angabe \/ non sp\u00e9cifi\u00e9<\/span><\/span><span class=\"wpcf7-list-item\"><input type=\"radio\" name=\"Anrede\" value=\"Frau \/ Madame\" \/><span class=\"wpcf7-list-item-label\">Frau \/ Madame<\/span><\/span><span class=\"wpcf7-list-item last\"><input type=\"radio\" name=\"Anrede\" value=\"Herr \/ Monsieur\" \/><span class=\"wpcf7-list-item-label\">Herr \/ Monsieur<\/span><\/span><\/span><\/span><br \/>\n<span class=\"wpcf7-form-control-wrap\" data-name=\"Name\"><input size=\"40\" maxlength=\"400\" class=\"wpcf7-form-control wpcf7-text wpcf7-validates-as-required\" aria-required=\"true\" aria-invalid=\"false\" placeholder=\"Name \/ Nom *\" value=\"\" type=\"text\" name=\"Name\" \/><\/span><br \/>\n<span class=\"wpcf7-form-control-wrap\" data-name=\"Vorname\"><input size=\"40\" maxlength=\"400\" class=\"wpcf7-form-control wpcf7-text wpcf7-validates-as-required\" aria-required=\"true\" aria-invalid=\"false\" placeholder=\"Vorname \/ Pr\u00e9nom *\" value=\"\" type=\"text\" name=\"Vorname\" \/><\/span><br \/>\n<span class=\"wpcf7-form-control-wrap\" data-name=\"Institution\"><input size=\"40\" maxlength=\"400\" class=\"wpcf7-form-control wpcf7-text\" aria-invalid=\"false\" placeholder=\"Institution *\" value=\"\" type=\"text\" name=\"Institution\" \/><\/span><br \/>\n<span class=\"wpcf7-form-control-wrap\" data-name=\"Strasse\"><input size=\"40\" maxlength=\"400\" class=\"wpcf7-form-control wpcf7-text wpcf7-validates-as-required\" aria-required=\"true\" aria-invalid=\"false\" placeholder=\"Strasse \/ Rue *\" value=\"\" type=\"text\" name=\"Strasse\" \/><\/span><br \/>\n<span class=\"wpcf7-form-control-wrap\" data-name=\"PLZ\"><input size=\"40\" maxlength=\"400\" class=\"wpcf7-form-control wpcf7-text wpcf7-validates-as-required\" aria-required=\"true\" aria-invalid=\"false\" placeholder=\"PLZ \/ CP *\" value=\"\" type=\"text\" name=\"PLZ\" \/><\/span><br \/>\n<span class=\"wpcf7-form-control-wrap\" data-name=\"Ort\"><input size=\"40\" maxlength=\"400\" class=\"wpcf7-form-control wpcf7-text wpcf7-validates-as-required\" aria-required=\"true\" aria-invalid=\"false\" placeholder=\"Ort \/ Localit\u00e9 *\" value=\"\" type=\"text\" name=\"Ort\" \/><\/span><br \/>\n<span class=\"wpcf7-form-control-wrap\" data-name=\"E-Mail\"><input size=\"40\" maxlength=\"400\" class=\"wpcf7-form-control wpcf7-email wpcf7-validates-as-required wpcf7-text wpcf7-validates-as-email\" aria-required=\"true\" aria-invalid=\"false\" placeholder=\"E-Mail \/ Email *\" value=\"\" type=\"email\" name=\"E-Mail\" \/><\/span><br \/>\n<span class=\"wpcf7-form-control-wrap\" data-name=\"Telefon\"><input size=\"40\" maxlength=\"400\" class=\"wpcf7-form-control wpcf7-text\" aria-invalid=\"false\" placeholder=\"Telefon \/ T\u00e9l\u00e9phone\" value=\"\" type=\"text\" name=\"Telefon\" \/><\/span><br \/>\n<strong>Kurse \/ Offres * <\/strong><strong><br \/>\n<\/strong>\n<\/p>\n<h5><span style=\"color:red;\">Bitte gew\u00fcnschten Kurs ausw\u00e4hlen:<\/span>\n<\/h5>\n<p><span class=\"wpcf7-form-control-wrap\" data-name=\"Kurs\"><span class=\"wpcf7-form-control wpcf7-checkbox\"><span class=\"wpcf7-list-item first last\"><label><input type=\"checkbox\" name=\"Kurs[]\" value=\"26\/3 - Neurodiversit\u00e4t im Asylbereich - Ausgebucht\" \/><span class=\"wpcf7-list-item-label\">26\/3 - Neurodiversit\u00e4t im Asylbereich - Ausgebucht<\/span><\/label><\/span><\/span><\/span><br \/>\n<span class=\"wpcf7-form-control-wrap\" data-name=\"Kurs\"><span class=\"wpcf7-form-control wpcf7-checkbox\"><span class=\"wpcf7-list-item first last\"><label><input type=\"checkbox\" name=\"Kurs[]\" value=\"26\/4 - IV-Anspruch unklar? - Ausgebucht\" \/><span class=\"wpcf7-list-item-label\">26\/4 - IV-Anspruch unklar? - Ausgebucht<\/span><\/label><\/span><\/span><\/span><br \/>\n<span class=\"wpcf7-form-control-wrap\" data-name=\"Kurs\"><span class=\"wpcf7-form-control wpcf7-checkbox\"><span class=\"wpcf7-list-item first last\"><label><input type=\"checkbox\" name=\"Kurs[]\" value=\"26\/5 - Neurodiversit\u00e4t im Asylbereich - 2. Durchf\u00fchrung\" \/><span class=\"wpcf7-list-item-label\">26\/5 - Neurodiversit\u00e4t im Asylbereich - 2. Durchf\u00fchrung<\/span><\/label><\/span><\/span><\/span>\n<\/p>\n<h5>Bemerkungen \/ Remarques\n<\/h5>\n<p><span class=\"wpcf7-form-control-wrap\" data-name=\"textarea-Bemerkung\"><textarea cols=\"40\" rows=\"10\" maxlength=\"250\" class=\"wpcf7-form-control wpcf7-textarea\" aria-invalid=\"false\" name=\"textarea-Bemerkung\"><\/textarea><\/span><br \/>\nMaximale Zeichenzahl \/ Nombre maximum: <span class=\"wpcf7-character-count down\" data-target-name=\"textarea-Bemerkung\" data-starting-value=\"250\" data-current-value=\"250\" data-maximum-value=\"250\">250<\/span>\n<\/p>\n<p>Die Kurspl\u00e4tze sind limitiert und Anmeldungen werden in der Regel nach Eingangsdatum ber\u00fccksichtigt.<br \/>\nLe nombre de place est limit\u00e9, et les inscriptions sont g\u00e9n\u00e9ralement prises en compte par ordre d\u2019arriv\u00e9e.\n<\/p>\n<p><input class=\"wpcf7-form-control wpcf7-submit has-spinner mb-button mb-size-tiny mb-corners-straight\" type=\"submit\" value=\"Anmelden \/ Enregistrer\" \/>\n<\/p><p style=\"display: none !important;\" class=\"akismet-fields-container\" data-prefix=\"_wpcf7_ak_\"><label>&#916;<textarea name=\"_wpcf7_ak_hp_textarea\" cols=\"45\" rows=\"8\" maxlength=\"100\"><\/textarea><\/label><input type=\"hidden\" id=\"ak_js_1\" name=\"_wpcf7_ak_js\" value=\"15\"\/><script>document.getElementById( \"ak_js_1\" ).setAttribute( \"value\", ( new Date() ).getTime() );<\/script><\/p><div class=\"wpcf7-response-output\" aria-hidden=\"true\"><\/div>\n<\/form>\n<\/div>\n\n\n\n<p><\/p>\n","protected":false},"excerpt":{"rendered":"<p>N\u00e4chster Halt: BAZEinblick in das Bundesasylzentrum Bern Seit sechs Jahren sind Bundesasylzentren (BAZ) die erste Station f\u00fcr Gefl\u00fcchtete, die in die Schweiz einreisen und hier Asyl beantragen. Das BAZ Bern ist eines von sechs Bundesasylzentren mit Verfahrensfunktion, in welchen Asylgesuche<\/p>\n","protected":false},"author":7,"featured_media":0,"parent":0,"menu_order":0,"comment_status":"closed","ping_status":"closed","template":"","meta":{"footnotes":""},"class_list":["post-11344","page","type-page","status-publish","hentry"],"yoast_head":"<!-- This site is optimized with the Yoast SEO plugin v27.3 - https:\/\/yoast.com\/product\/yoast-seo-wordpress\/ -->\n<title>Horizonte 2025: N\u00e4chster Halt: BAZ - Kurs 25\/3<\/title>\n<meta name=\"robots\" content=\"index, follow, max-snippet:-1, max-image-preview:large, max-video-preview:-1\" \/>\n<link rel=\"canonical\" href=\"https:\/\/www.kkf-oca.ch\/horizonte-kurs-25-3\/\" \/>\n<meta property=\"og:locale\" content=\"fr_FR\" \/>\n<meta property=\"og:type\" content=\"article\" \/>\n<meta property=\"og:title\" content=\"Horizonte 2025: N\u00e4chster Halt: BAZ - Kurs 25\/3\" \/>\n<meta property=\"og:description\" content=\"N\u00e4chster Halt: BAZEinblick in das Bundesasylzentrum Bern Seit sechs Jahren sind Bundesasylzentren (BAZ) die erste Station f\u00fcr Gefl\u00fcchtete, die in die Schweiz einreisen und hier Asyl beantragen. Das BAZ Bern ist eines von sechs Bundesasylzentren mit Verfahrensfunktion, in welchen Asylgesuche\" \/>\n<meta property=\"og:url\" content=\"https:\/\/www.kkf-oca.ch\/horizonte-kurs-25-3\/\" \/>\n<meta property=\"og:site_name\" content=\"KKF OCA\" \/>\n<meta property=\"article:publisher\" content=\"https:\/\/www.facebook.com\/kkf.oca\/\" \/>\n<meta property=\"article:modified_time\" content=\"2025-03-12T12:45:22+00:00\" \/>\n<meta name=\"twitter:card\" content=\"summary_large_image\" \/>\n<meta name=\"twitter:label1\" content=\"Dur\u00e9e de lecture estim\u00e9e\" \/>\n\t<meta name=\"twitter:data1\" content=\"2 minutes\" \/>\n<script type=\"application\/ld+json\" class=\"yoast-schema-graph\">{\"@context\":\"https:\\\/\\\/schema.org\",\"@graph\":[{\"@type\":\"WebPage\",\"@id\":\"https:\\\/\\\/www.kkf-oca.ch\\\/horizonte-kurs-25-3\\\/\",\"url\":\"https:\\\/\\\/www.kkf-oca.ch\\\/horizonte-kurs-25-3\\\/\",\"name\":\"Horizonte 2025: N\u00e4chster Halt: BAZ - Kurs 25\\\/3\",\"isPartOf\":{\"@id\":\"https:\\\/\\\/www.kkf-oca.ch\\\/#website\"},\"datePublished\":\"2024-11-14T07:21:08+00:00\",\"dateModified\":\"2025-03-12T12:45:22+00:00\",\"breadcrumb\":{\"@id\":\"https:\\\/\\\/www.kkf-oca.ch\\\/horizonte-kurs-25-3\\\/#breadcrumb\"},\"inLanguage\":\"fr-FR\",\"potentialAction\":[{\"@type\":\"ReadAction\",\"target\":[\"https:\\\/\\\/www.kkf-oca.ch\\\/horizonte-kurs-25-3\\\/\"]}]},{\"@type\":\"BreadcrumbList\",\"@id\":\"https:\\\/\\\/www.kkf-oca.ch\\\/horizonte-kurs-25-3\\\/#breadcrumb\",\"itemListElement\":[{\"@type\":\"ListItem\",\"position\":1,\"name\":\"Startseite\",\"item\":\"https:\\\/\\\/www.kkf-oca.ch\\\/\"},{\"@type\":\"ListItem\",\"position\":2,\"name\":\"Horizonte-Kurs 25\\\/3\"}]},{\"@type\":\"WebSite\",\"@id\":\"https:\\\/\\\/www.kkf-oca.ch\\\/#website\",\"url\":\"https:\\\/\\\/www.kkf-oca.ch\\\/\",\"name\":\"KKF OCA\",\"description\":\"\",\"publisher\":{\"@id\":\"https:\\\/\\\/www.kkf-oca.ch\\\/#organization\"},\"potentialAction\":[{\"@type\":\"SearchAction\",\"target\":{\"@type\":\"EntryPoint\",\"urlTemplate\":\"https:\\\/\\\/www.kkf-oca.ch\\\/?s={search_term_string}\"},\"query-input\":{\"@type\":\"PropertyValueSpecification\",\"valueRequired\":true,\"valueName\":\"search_term_string\"}}],\"inLanguage\":\"fr-FR\"},{\"@type\":\"Organization\",\"@id\":\"https:\\\/\\\/www.kkf-oca.ch\\\/#organization\",\"name\":\"Kirchliche Kontaktstelle f\u00fcr Fl\u00fcchtlingsfragen KKF\",\"url\":\"https:\\\/\\\/www.kkf-oca.ch\\\/\",\"logo\":{\"@type\":\"ImageObject\",\"inLanguage\":\"fr-FR\",\"@id\":\"https:\\\/\\\/www.kkf-oca.ch\\\/#\\\/schema\\\/logo\\\/image\\\/\",\"url\":\"https:\\\/\\\/www.kkf-oca.ch\\\/wp-content\\\/uploads\\\/KKFOCA_logo_blau_rgb_150ppi.jpg\",\"contentUrl\":\"https:\\\/\\\/www.kkf-oca.ch\\\/wp-content\\\/uploads\\\/KKFOCA_logo_blau_rgb_150ppi.jpg\",\"width\":596,\"height\":135,\"caption\":\"Kirchliche Kontaktstelle f\u00fcr Fl\u00fcchtlingsfragen KKF\"},\"image\":{\"@id\":\"https:\\\/\\\/www.kkf-oca.ch\\\/#\\\/schema\\\/logo\\\/image\\\/\"},\"sameAs\":[\"https:\\\/\\\/www.facebook.com\\\/kkf.oca\\\/\"]}]}<\/script>\n<!-- \/ Yoast SEO plugin. -->","yoast_head_json":{"title":"Horizonte 2025: N\u00e4chster Halt: BAZ - Kurs 25\/3","robots":{"index":"index","follow":"follow","max-snippet":"max-snippet:-1","max-image-preview":"max-image-preview:large","max-video-preview":"max-video-preview:-1"},"canonical":"https:\/\/www.kkf-oca.ch\/horizonte-kurs-25-3\/","og_locale":"fr_FR","og_type":"article","og_title":"Horizonte 2025: N\u00e4chster Halt: BAZ - Kurs 25\/3","og_description":"N\u00e4chster Halt: BAZEinblick in das Bundesasylzentrum Bern Seit sechs Jahren sind Bundesasylzentren (BAZ) die erste Station f\u00fcr Gefl\u00fcchtete, die in die Schweiz einreisen und hier Asyl beantragen. Das BAZ Bern ist eines von sechs Bundesasylzentren mit Verfahrensfunktion, in welchen Asylgesuche","og_url":"https:\/\/www.kkf-oca.ch\/horizonte-kurs-25-3\/","og_site_name":"KKF OCA","article_publisher":"https:\/\/www.facebook.com\/kkf.oca\/","article_modified_time":"2025-03-12T12:45:22+00:00","twitter_card":"summary_large_image","twitter_misc":{"Dur\u00e9e de lecture estim\u00e9e":"2 minutes"},"schema":{"@context":"https:\/\/schema.org","@graph":[{"@type":"WebPage","@id":"https:\/\/www.kkf-oca.ch\/horizonte-kurs-25-3\/","url":"https:\/\/www.kkf-oca.ch\/horizonte-kurs-25-3\/","name":"Horizonte 2025: N\u00e4chster Halt: BAZ - Kurs 25\/3","isPartOf":{"@id":"https:\/\/www.kkf-oca.ch\/#website"},"datePublished":"2024-11-14T07:21:08+00:00","dateModified":"2025-03-12T12:45:22+00:00","breadcrumb":{"@id":"https:\/\/www.kkf-oca.ch\/horizonte-kurs-25-3\/#breadcrumb"},"inLanguage":"fr-FR","potentialAction":[{"@type":"ReadAction","target":["https:\/\/www.kkf-oca.ch\/horizonte-kurs-25-3\/"]}]},{"@type":"BreadcrumbList","@id":"https:\/\/www.kkf-oca.ch\/horizonte-kurs-25-3\/#breadcrumb","itemListElement":[{"@type":"ListItem","position":1,"name":"Startseite","item":"https:\/\/www.kkf-oca.ch\/"},{"@type":"ListItem","position":2,"name":"Horizonte-Kurs 25\/3"}]},{"@type":"WebSite","@id":"https:\/\/www.kkf-oca.ch\/#website","url":"https:\/\/www.kkf-oca.ch\/","name":"KKF OCA","description":"","publisher":{"@id":"https:\/\/www.kkf-oca.ch\/#organization"},"potentialAction":[{"@type":"SearchAction","target":{"@type":"EntryPoint","urlTemplate":"https:\/\/www.kkf-oca.ch\/?s={search_term_string}"},"query-input":{"@type":"PropertyValueSpecification","valueRequired":true,"valueName":"search_term_string"}}],"inLanguage":"fr-FR"},{"@type":"Organization","@id":"https:\/\/www.kkf-oca.ch\/#organization","name":"Kirchliche Kontaktstelle f\u00fcr Fl\u00fcchtlingsfragen KKF","url":"https:\/\/www.kkf-oca.ch\/","logo":{"@type":"ImageObject","inLanguage":"fr-FR","@id":"https:\/\/www.kkf-oca.ch\/#\/schema\/logo\/image\/","url":"https:\/\/www.kkf-oca.ch\/wp-content\/uploads\/KKFOCA_logo_blau_rgb_150ppi.jpg","contentUrl":"https:\/\/www.kkf-oca.ch\/wp-content\/uploads\/KKFOCA_logo_blau_rgb_150ppi.jpg","width":596,"height":135,"caption":"Kirchliche Kontaktstelle f\u00fcr Fl\u00fcchtlingsfragen KKF"},"image":{"@id":"https:\/\/www.kkf-oca.ch\/#\/schema\/logo\/image\/"},"sameAs":["https:\/\/www.facebook.com\/kkf.oca\/"]}]}},"_links":{"self":[{"href":"https:\/\/www.kkf-oca.ch\/fr\/wp-json\/wp\/v2\/pages\/11344","targetHints":{"allow":["GET"]}}],"collection":[{"href":"https:\/\/www.kkf-oca.ch\/fr\/wp-json\/wp\/v2\/pages"}],"about":[{"href":"https:\/\/www.kkf-oca.ch\/fr\/wp-json\/wp\/v2\/types\/page"}],"author":[{"embeddable":true,"href":"https:\/\/www.kkf-oca.ch\/fr\/wp-json\/wp\/v2\/users\/7"}],"replies":[{"embeddable":true,"href":"https:\/\/www.kkf-oca.ch\/fr\/wp-json\/wp\/v2\/comments?post=11344"}],"version-history":[{"count":6,"href":"https:\/\/www.kkf-oca.ch\/fr\/wp-json\/wp\/v2\/pages\/11344\/revisions"}],"predecessor-version":[{"id":11501,"href":"https:\/\/www.kkf-oca.ch\/fr\/wp-json\/wp\/v2\/pages\/11344\/revisions\/11501"}],"wp:attachment":[{"href":"https:\/\/www.kkf-oca.ch\/fr\/wp-json\/wp\/v2\/media?parent=11344"}],"curies":[{"name":"wp","href":"https:\/\/api.w.org\/{rel}","templated":true}]}}