{"id":3727,"date":"2018-03-07T14:17:36","date_gmt":"2018-03-07T13:17:36","guid":{"rendered":"https:\/\/www.kkf-oca.ch\/index.php\/gesundheit\/?lang=fr"},"modified":"2022-04-25T13:39:06","modified_gmt":"2022-04-25T11:39:06","slug":"gesundheit","status":"publish","type":"page","link":"https:\/\/www.kkf-oca.ch\/fr\/gesundheit\/","title":{"rendered":"Offre de formation pour le personnel de sant\u00e9"},"content":{"rendered":"\t\t<div id=\"pootle-page-builder\">\n\t\t\t<!----------Pootle Page Builder Inline Styles---------->\n\t\t\t<style id=\"pootle-live-editor-styles\" type=\"text\/css\" media=\"all\">\n\t\t\t\t#pgc-3727-1-0 , #pgc-3727-1-1 , #pgc-3727-2-0 , #pgc-3727-2-1 { width:49.5% } .panel-grid-cell .panel { margin-bottom: 0px } @media ( max-width:780px ) { #pootle-page-builder .panel-grid-cell-container .panel-grid-cell { width:100%;flex: 1 0; } #pootle-page-builder .panel-grid-cell-container { flex-direction: column; } .panel-grid-cell:not(:last-child) { margin-bottom: 0px } .ppb-no-mobile-spacing { padding: 0 !important; margin: 0 !important; } .hide-on-mobile { display: none } br.rwd { display: block } .ppb-mobile-behaviour-2.ppb-block { margin-left:auto!important;margin-right:auto!important;margin-top:auto!important;margin-bottom:auto!important } .panel-grid { margin-left: 0 !important; margin-right: 0 !important; } .panel-grid-cell { padding: 0 !important; max-width: 100% !important; }  } \t\t\t<\/style>\n\t\t\t<div class=\"panel-grid ppb-row\" id=\"pg-3727-0\" style=\"margin-bottom: 0;\" ><div class=\"ppb-row panel-row-style panel-row-style- \" style=\"\" ><style>#pg-3727-0 .panel-grid-cell { padding: 0 0.5% 0; }<\/style><div class='panel-grid-cell-container'><div class=\"ppb-col panel-grid-cell \" id=\"pgc-3727-0-0\" ><div id=\"panel-3727-0-0-0\" class=\"ppb-block ppb-no-mobile-spacing\" style=\"\" ><pre>Beaucoup de m\u00e9decins et d\u2019autres professionnels de la sant\u00e9 c\u00f4toient au quotidien des personnes r\u00e9fugi\u00e9es. Le cas \u00e9ch\u00e9ant, de nombreuses questions se posent:\nQue signifient les divers statuts de s\u00e9jour? Quelles sont les organisations actives dans le canton de Berne, et donc \u00e0 qui dois-je m\u2019adresser? Comment les soins m\u00e9dicaux destin\u00e9s aux personnes r\u00e9fugi\u00e9es sont-ils r\u00e9gl\u00e9s dans le canton de Berne? Quelles sont les prestations rembours\u00e9es, et comment les professionnels de la sant\u00e9 peuvent-ils aider au mieux cette population? L\u2019OCA propose des offres de formation ax\u00e9es sur les besoins, en r\u00e9ponse \u00e0 ces questions et \u00e0 bien d\u2019autres encore.\n\n<\/pre><\/div><\/div><\/div><!--.panel-grid-cell-container--><\/div><!--.panel-row-style--><\/div><!--.panel-grid--><div class=\"panel-grid ppb-row\" id=\"pg-3727-1\" style=\"margin-bottom: 0;\" ><div class=\"ppb-row panel-row-style panel-row-style- \" style=\"\" ><style>#pg-3727-1 .panel-grid-cell { padding: 0 0.5% 0; }<\/style><div class='panel-grid-cell-container'><div class=\"ppb-col panel-grid-cell \" id=\"pgc-3727-1-0\" ><div id=\"panel-3727-1-0-0\" class=\"ppb-block ppb-no-mobile-spacing\" style=\"\" ><p>\n<strong>Th\u00e8mes possibles (plusieurs points peuvent \u00eatre combin\u00e9s) :\u00a0\u00a0\u00a0\u00a0\u00a0\u00a0\u00a0\u00a0\u00a0\u00a0\u00a0\u00a0\u00a0\u00a0\u00a0\u00a0\u00a0\u00a0\u00a0\u00a0\u00a0\u00a0\u00a0\u00a0\u00a0\u00a0\u00a0\u00a0\u00a0\u00a0\u00a0\u00a0\u00a0\u00a0\u00a0\u00a0\u00a0\u00a0\u00a0<\/strong>\n<\/p><p>\n<strong>Bases de la pratique en mati\u00e8re d\u2019asile : <\/strong>proc\u00e9dure d\u2019asile, principaux pays d\u2019origine, motifs de fuite et crit\u00e8res d\u2019\u00e9valuation du Secr\u00e9tariat d\u2019\u00c9tat aux migrations (SEM)\n<\/p><p>\n<strong>Livrets de s\u00e9jour et comp\u00e9tences dans le canton de Berne : <\/strong>autorisations de s\u00e9jour (N, F, B, d\u00e9bout\u00e9) avec les droits et devoirs correspondants, bases du droit de l\u2019aide sociale, interlocuteurs\n<\/p><p>\n<strong>Bases du droit de l\u2019aide sociale dans le canton de Berne<\/strong> : h\u00e9bergement, soutien financier, structures d\u2019accueil, int\u00e9gration professionnelle et sociale, possibilit\u00e9s de formation\n<\/p><p>\n<strong>Soins m\u00e9dicaux : <\/strong>Contr\u00f4le de m\u00e9decine des migrants, assurances-maladie, mod\u00e8le du m\u00e9decin de premier recours, flux d\u2019information, urgences, probl\u00e8mes pratiques (par ex. absence de dossier m\u00e9dical ou m\u00e9connaissance de la langue)\n<\/p><p>\n<strong>Comp\u00e9tence transculturelle : <\/strong>r\u00e9flexion sur la notion de culture et sur nos st\u00e9r\u00e9otypes de pens\u00e9e, gestion des groupes sensibles (individus traumatis\u00e9s, femmes r\u00e9fugi\u00e9es).\n<\/p><\/div><\/div><div class=\"ppb-col panel-grid-cell \" id=\"pgc-3727-1-1\" ><div id=\"panel-3727-1-1-0\" class=\"ppb-block ppb-no-mobile-spacing\" style=\"\" ><p>\nL\u2019offre convient bien pour des formations continues internes, pour des cercles de qualit\u00e9, des conf\u00e9rences ou des s\u00e9ances d\u2019\u00e9change. La forme et la dur\u00e9e des pr\u00e9sentations ou ateliers seront adapt\u00e9es selon votre demande. Nous vous prions de prendre contact avec nous au moins 30\u00a0jours \u00e0 l\u2019avance.\n<\/p><p>\n<strong>Groupes cibles<\/strong> : Personnel de sant\u00e9 confront\u00e9 \u00e0 des r\u00e9fugi\u00e9s dans son quotidien professionnel\n<\/p><p>\n<strong>Lieu du cours<\/strong> : dans vos locaux, dans tout le canton de Berne\n<\/p><p>\n<strong>Dur\u00e9e du cours<\/strong> : selon la demande (valeur indicative: 1 \u00e0 3\u00a0heures, r\u00e9parties sur max. deux dates)\n<\/p><p>\n<strong>Co\u00fbts<\/strong> : contribution aux frais de 50\u00a0francs par cours (gratuit\u00e9 pour les institutions \u00e9tatiques ou eccl\u00e9siales)\n<\/p><\/div><div id=\"panel-3727-1-1-1\" class=\"ppb-block ppb-no-mobile-spacing\" style=\"background-color: #dfdbd0;padding-top: 12px;\npadding-bottom: 0px;\npadding-right: 18px;\npadding-left: 18px;\" ><h3>Contact<\/h3><h5>Gina Lampart<\/h5><p>\n031 385 18 14<br><a href=\"mailto:gina.lampart@kkf-oca.ch\" data-mce-href=\"mailto:gina.lampart@kkf-oca.ch\" data-mce-selected=\"inline-boundary\">gina.lampart@kkf-oca.ch<\/a>\n<\/p><\/div><\/div><\/div><!--.panel-grid-cell-container--><\/div><!--.panel-row-style--><\/div><!--.panel-grid--><div class=\"panel-grid ppb-row\" id=\"pg-3727-2\" style=\"margin-bottom: 0;\" ><div class=\"ppb-row panel-row-style panel-row-style- \" style=\"\" ><style>#pg-3727-2 .panel-grid-cell { padding: 0 0.5% 0; }<\/style><div class='panel-grid-cell-container'><div class=\"ppb-col panel-grid-cell \" id=\"pgc-3727-2-0\" ><div id=\"panel-3727-2-0-0\" class=\"ppb-block ppb-no-mobile-spacing\" style=\"\" ><h5><\/h5>\n<h5>Soins de sant\u00e9 pour les personnes contraintes de fuir leur pays - Information \u00e0 l'attente du personnel de sant\u00e9 du canton de Berne<\/h5>\n<a id=\"mb-45b21f\" class=\"mb-button mb-size-tiny mb-corners-straight \" href=\"https:\/\/www.kkf-oca.ch\/wp-content\/uploads\/2018\/03\/Merkblatt-fuer-das-Gesundheitspersonal-f_Maerz18_web.pdf\" target=\"_blank\" style=\"background-color: #2390b9;\"><i class=\"fa fa-download\"><\/i> Download PDF<\/a>\n<h5>\u00a0Brochure \u00abSant\u00e9 pour tous\u00bb<\/h5>\n<a id=\"mb-45b21f\" class=\"mb-button mb-size-tiny mb-corners-straight \" href=\"https:\/\/www.kkf-oca.ch\/wp-content\/uploads\/2016\/06\/KKF-brochure-Sante%CC%81-pour-tous.pdf\" target=\"_blank\" style=\"background-color: #2390b9;\"><i class=\"fa fa-download\"><\/i> Download PDF<\/a><\/div><\/div><div class=\"ppb-col panel-grid-cell \" id=\"pgc-3727-2-1\" ><\/div><\/div><!--.panel-grid-cell-container--><\/div><!--.panel-row-style--><\/div><!--.panel-grid-->\t\t<\/div>\n\t\t","protected":false},"excerpt":{"rendered":"<p>Beaucoup de m\u00e9decins et d\u2019autres professionnels de la sant\u00e9 c\u00f4toient au quotidien des personnes r\u00e9fugi\u00e9es. Le cas \u00e9ch\u00e9ant, de nombreuses questions se posent: Que signifient les divers statuts de s\u00e9jour? Quelles sont les organisations actives dans le canton de Berne,<\/p>\n","protected":false},"author":9,"featured_media":0,"parent":0,"menu_order":0,"comment_status":"closed","ping_status":"closed","template":"","meta":{"footnotes":""},"class_list":["post-3727","page","type-page","status-publish","hentry"],"yoast_head":"<!-- This site is optimized with the Yoast SEO plugin v27.4 - https:\/\/yoast.com\/product\/yoast-seo-wordpress\/ -->\n<title>Offre de formation pour le personnel de sant\u00e9 - KKF OCA<\/title>\n<meta name=\"robots\" content=\"index, follow, max-snippet:-1, max-image-preview:large, max-video-preview:-1\" \/>\n<link rel=\"canonical\" href=\"https:\/\/www.kkf-oca.ch\/fr\/gesundheit\/\" \/>\n<meta property=\"og:locale\" content=\"fr_FR\" \/>\n<meta property=\"og:type\" content=\"article\" \/>\n<meta property=\"og:title\" content=\"Offre de formation pour le personnel de sant\u00e9 - KKF OCA\" \/>\n<meta property=\"og:description\" content=\"Beaucoup de m\u00e9decins et d\u2019autres professionnels de la sant\u00e9 c\u00f4toient au quotidien des personnes r\u00e9fugi\u00e9es. Le cas \u00e9ch\u00e9ant, de nombreuses questions se posent: Que signifient les divers statuts de s\u00e9jour? Quelles sont les organisations actives dans le canton de Berne,\" \/>\n<meta property=\"og:url\" content=\"https:\/\/www.kkf-oca.ch\/fr\/gesundheit\/\" \/>\n<meta property=\"og:site_name\" content=\"KKF OCA\" \/>\n<meta property=\"article:publisher\" content=\"https:\/\/www.facebook.com\/kkf.oca\/\" \/>\n<meta property=\"article:modified_time\" content=\"2022-04-25T11:39:06+00:00\" \/>\n<meta name=\"twitter:card\" content=\"summary_large_image\" \/>\n<meta name=\"twitter:label1\" content=\"Dur\u00e9e de lecture estim\u00e9e\" \/>\n\t<meta name=\"twitter:data1\" content=\"2 minutes\" \/>\n<script type=\"application\/ld+json\" class=\"yoast-schema-graph\">{\"@context\":\"https:\\\/\\\/schema.org\",\"@graph\":[{\"@type\":\"WebPage\",\"@id\":\"https:\\\/\\\/www.kkf-oca.ch\\\/fr\\\/gesundheit\\\/\",\"url\":\"https:\\\/\\\/www.kkf-oca.ch\\\/fr\\\/gesundheit\\\/\",\"name\":\"Offre de formation pour le personnel de sant\u00e9 - KKF OCA\",\"isPartOf\":{\"@id\":\"https:\\\/\\\/www.kkf-oca.ch\\\/#website\"},\"datePublished\":\"2018-03-07T13:17:36+00:00\",\"dateModified\":\"2022-04-25T11:39:06+00:00\",\"breadcrumb\":{\"@id\":\"https:\\\/\\\/www.kkf-oca.ch\\\/fr\\\/gesundheit\\\/#breadcrumb\"},\"inLanguage\":\"fr-FR\",\"potentialAction\":[{\"@type\":\"ReadAction\",\"target\":[\"https:\\\/\\\/www.kkf-oca.ch\\\/fr\\\/gesundheit\\\/\"]}]},{\"@type\":\"BreadcrumbList\",\"@id\":\"https:\\\/\\\/www.kkf-oca.ch\\\/fr\\\/gesundheit\\\/#breadcrumb\",\"itemListElement\":[{\"@type\":\"ListItem\",\"position\":1,\"name\":\"Startseite\",\"item\":\"https:\\\/\\\/www.kkf-oca.ch\\\/\"},{\"@type\":\"ListItem\",\"position\":2,\"name\":\"Offre de formation pour le personnel de sant\u00e9\"}]},{\"@type\":\"WebSite\",\"@id\":\"https:\\\/\\\/www.kkf-oca.ch\\\/#website\",\"url\":\"https:\\\/\\\/www.kkf-oca.ch\\\/\",\"name\":\"KKF OCA\",\"description\":\"\",\"publisher\":{\"@id\":\"https:\\\/\\\/www.kkf-oca.ch\\\/#organization\"},\"potentialAction\":[{\"@type\":\"SearchAction\",\"target\":{\"@type\":\"EntryPoint\",\"urlTemplate\":\"https:\\\/\\\/www.kkf-oca.ch\\\/?s={search_term_string}\"},\"query-input\":{\"@type\":\"PropertyValueSpecification\",\"valueRequired\":true,\"valueName\":\"search_term_string\"}}],\"inLanguage\":\"fr-FR\"},{\"@type\":\"Organization\",\"@id\":\"https:\\\/\\\/www.kkf-oca.ch\\\/#organization\",\"name\":\"Kirchliche Kontaktstelle f\u00fcr Fl\u00fcchtlingsfragen KKF\",\"url\":\"https:\\\/\\\/www.kkf-oca.ch\\\/\",\"logo\":{\"@type\":\"ImageObject\",\"inLanguage\":\"fr-FR\",\"@id\":\"https:\\\/\\\/www.kkf-oca.ch\\\/#\\\/schema\\\/logo\\\/image\\\/\",\"url\":\"https:\\\/\\\/www.kkf-oca.ch\\\/wp-content\\\/uploads\\\/KKFOCA_logo_blau_rgb_150ppi.jpg\",\"contentUrl\":\"https:\\\/\\\/www.kkf-oca.ch\\\/wp-content\\\/uploads\\\/KKFOCA_logo_blau_rgb_150ppi.jpg\",\"width\":596,\"height\":135,\"caption\":\"Kirchliche Kontaktstelle f\u00fcr Fl\u00fcchtlingsfragen KKF\"},\"image\":{\"@id\":\"https:\\\/\\\/www.kkf-oca.ch\\\/#\\\/schema\\\/logo\\\/image\\\/\"},\"sameAs\":[\"https:\\\/\\\/www.facebook.com\\\/kkf.oca\\\/\"]}]}<\/script>\n<!-- \/ Yoast SEO plugin. -->","yoast_head_json":{"title":"Offre de formation pour le personnel de sant\u00e9 - KKF OCA","robots":{"index":"index","follow":"follow","max-snippet":"max-snippet:-1","max-image-preview":"max-image-preview:large","max-video-preview":"max-video-preview:-1"},"canonical":"https:\/\/www.kkf-oca.ch\/fr\/gesundheit\/","og_locale":"fr_FR","og_type":"article","og_title":"Offre de formation pour le personnel de sant\u00e9 - KKF OCA","og_description":"Beaucoup de m\u00e9decins et d\u2019autres professionnels de la sant\u00e9 c\u00f4toient au quotidien des personnes r\u00e9fugi\u00e9es. Le cas \u00e9ch\u00e9ant, de nombreuses questions se posent: Que signifient les divers statuts de s\u00e9jour? Quelles sont les organisations actives dans le canton de Berne,","og_url":"https:\/\/www.kkf-oca.ch\/fr\/gesundheit\/","og_site_name":"KKF OCA","article_publisher":"https:\/\/www.facebook.com\/kkf.oca\/","article_modified_time":"2022-04-25T11:39:06+00:00","twitter_card":"summary_large_image","twitter_misc":{"Dur\u00e9e de lecture estim\u00e9e":"2 minutes"},"schema":{"@context":"https:\/\/schema.org","@graph":[{"@type":"WebPage","@id":"https:\/\/www.kkf-oca.ch\/fr\/gesundheit\/","url":"https:\/\/www.kkf-oca.ch\/fr\/gesundheit\/","name":"Offre de formation pour le personnel de sant\u00e9 - KKF OCA","isPartOf":{"@id":"https:\/\/www.kkf-oca.ch\/#website"},"datePublished":"2018-03-07T13:17:36+00:00","dateModified":"2022-04-25T11:39:06+00:00","breadcrumb":{"@id":"https:\/\/www.kkf-oca.ch\/fr\/gesundheit\/#breadcrumb"},"inLanguage":"fr-FR","potentialAction":[{"@type":"ReadAction","target":["https:\/\/www.kkf-oca.ch\/fr\/gesundheit\/"]}]},{"@type":"BreadcrumbList","@id":"https:\/\/www.kkf-oca.ch\/fr\/gesundheit\/#breadcrumb","itemListElement":[{"@type":"ListItem","position":1,"name":"Startseite","item":"https:\/\/www.kkf-oca.ch\/"},{"@type":"ListItem","position":2,"name":"Offre de formation pour le personnel de sant\u00e9"}]},{"@type":"WebSite","@id":"https:\/\/www.kkf-oca.ch\/#website","url":"https:\/\/www.kkf-oca.ch\/","name":"KKF OCA","description":"","publisher":{"@id":"https:\/\/www.kkf-oca.ch\/#organization"},"potentialAction":[{"@type":"SearchAction","target":{"@type":"EntryPoint","urlTemplate":"https:\/\/www.kkf-oca.ch\/?s={search_term_string}"},"query-input":{"@type":"PropertyValueSpecification","valueRequired":true,"valueName":"search_term_string"}}],"inLanguage":"fr-FR"},{"@type":"Organization","@id":"https:\/\/www.kkf-oca.ch\/#organization","name":"Kirchliche Kontaktstelle f\u00fcr Fl\u00fcchtlingsfragen KKF","url":"https:\/\/www.kkf-oca.ch\/","logo":{"@type":"ImageObject","inLanguage":"fr-FR","@id":"https:\/\/www.kkf-oca.ch\/#\/schema\/logo\/image\/","url":"https:\/\/www.kkf-oca.ch\/wp-content\/uploads\/KKFOCA_logo_blau_rgb_150ppi.jpg","contentUrl":"https:\/\/www.kkf-oca.ch\/wp-content\/uploads\/KKFOCA_logo_blau_rgb_150ppi.jpg","width":596,"height":135,"caption":"Kirchliche Kontaktstelle f\u00fcr Fl\u00fcchtlingsfragen KKF"},"image":{"@id":"https:\/\/www.kkf-oca.ch\/#\/schema\/logo\/image\/"},"sameAs":["https:\/\/www.facebook.com\/kkf.oca\/"]}]}},"_links":{"self":[{"href":"https:\/\/www.kkf-oca.ch\/fr\/wp-json\/wp\/v2\/pages\/3727","targetHints":{"allow":["GET"]}}],"collection":[{"href":"https:\/\/www.kkf-oca.ch\/fr\/wp-json\/wp\/v2\/pages"}],"about":[{"href":"https:\/\/www.kkf-oca.ch\/fr\/wp-json\/wp\/v2\/types\/page"}],"author":[{"embeddable":true,"href":"https:\/\/www.kkf-oca.ch\/fr\/wp-json\/wp\/v2\/users\/9"}],"replies":[{"embeddable":true,"href":"https:\/\/www.kkf-oca.ch\/fr\/wp-json\/wp\/v2\/comments?post=3727"}],"version-history":[{"count":10,"href":"https:\/\/www.kkf-oca.ch\/fr\/wp-json\/wp\/v2\/pages\/3727\/revisions"}],"predecessor-version":[{"id":8820,"href":"https:\/\/www.kkf-oca.ch\/fr\/wp-json\/wp\/v2\/pages\/3727\/revisions\/8820"}],"wp:attachment":[{"href":"https:\/\/www.kkf-oca.ch\/fr\/wp-json\/wp\/v2\/media?parent=3727"}],"curies":[{"name":"wp","href":"https:\/\/api.w.org\/{rel}","templated":true}]}}