{"id":7611,"date":"2020-11-17T14:56:55","date_gmt":"2020-11-17T13:56:55","guid":{"rendered":"https:\/\/www.kkf-oca.ch\/angebote-bildungsangebote\/"},"modified":"2026-03-31T09:19:36","modified_gmt":"2026-03-31T07:19:36","slug":"angebote-bildungsangebote","status":"publish","type":"page","link":"https:\/\/www.kkf-oca.ch\/fr\/angebote-bildungsangebote\/","title":{"rendered":"Offres | Offres de formation"},"content":{"rendered":"\t\t<div id=\"pootle-page-builder\">\n\t\t\t<!----------Pootle Page Builder Inline Styles---------->\n\t\t\t<style id=\"pootle-live-editor-styles\" type=\"text\/css\" media=\"all\">\n\t\t\t\t#pgc-7611-1-0 , #pgc-7611-1-1 { width:48% } .panel-grid-cell .panel { margin-bottom: 0px } @media ( max-width:780px ) { #pootle-page-builder .panel-grid-cell-container .panel-grid-cell { width:100%;flex: 1 0; } #pootle-page-builder .panel-grid-cell-container { flex-direction: column; } .panel-grid-cell:not(:last-child) { margin-bottom: 0px } .ppb-no-mobile-spacing { padding: 0 !important; margin: 0 !important; } .hide-on-mobile { display: none } br.rwd { display: block } .ppb-mobile-behaviour-2.ppb-block { margin-left:auto!important;margin-right:auto!important;margin-top:auto!important;margin-bottom:auto!important } .panel-grid { margin-left: 0 !important; margin-right: 0 !important; } .panel-grid-cell { padding: 0 !important; max-width: 100% !important; }  } \t\t\t<\/style>\n\t\t\t<div class=\"panel-grid ppb-row\" id=\"pg-7611-0\" style=\"margin-bottom: 0;\" ><div class=\"ppb-row panel-row-style panel-row-style- \" style=\"\" ><style>#pg-7611-0 .panel-grid-cell { padding: 0 2% 0; }<\/style><div class='panel-grid-cell-container'><div class=\"ppb-col panel-grid-cell \" id=\"pgc-7611-0-0\" ><div id=\"panel-7611-0-0-0\" class=\"ppb-block ppb-no-mobile-spacing\" style=\"\" ><pre>Les offres de formation de l'OCA sur le th\u00e8me des r\u00e9fugi\u00e9s et de l'asile s'adressent \u00e0 diff\u00e9rents groupes cibles. Les cours et les ateliers sont anim\u00e9s par des sp\u00e9cialistes de l'OCA et des experts externes.<\/pre><\/div><\/div><\/div><!--.panel-grid-cell-container--><\/div><!--.panel-row-style--><\/div><!--.panel-grid--><div class=\"panel-grid ppb-row\" id=\"pg-7611-1\" style=\"margin-bottom: 0;\" ><div class=\"ppb-row panel-row-style panel-row-style- \" style=\"\" ><style>#pg-7611-1 .panel-grid-cell { padding: 0 2% 0; }<\/style><div class='panel-grid-cell-container'><div class=\"ppb-col panel-grid-cell \" id=\"pgc-7611-1-0\" ><div id=\"panel-7611-1-0-0\" class=\"ppb-block ppb-no-mobile-spacing\" style=\"\" ><h3>\u00a0<\/h3><h3><a href=\"https:\/\/www.kkf-oca.ch\/fr\/angebote-bildungsangebote-fachpersonen\/\">Offres de formation pour les professionnel-le-s \u2192<\/a><\/h3><p>\nLes formations <strong><a href=\"https:\/\/www.kkf-oca.ch\/fr\/angebote-bildungsangebote-fachpersonen\/\">\u00abHorizonte\u00bb<\/a><\/strong>, qui ont lieu six fois par an, s'adressent aux professionnels du secteur de l'asile. L'offre individuelle <a href=\"https:\/\/www.kkf-oca.ch\/fr\/angebote-bildungsangebote-fachpersonen\/#berufsalltag\"><strong>\u00abQuotidien professionnel avec des personnes r\u00e9fugi\u00e9es\u00bb<\/strong><\/a> est destin\u00e9e aux professionnels qui sont en contact avec les r\u00e9fugi\u00e9-e-s dans leur travail quotidien.\n<\/p><p>\n\u00a0\n<\/p><h3><a href=\"https:\/\/www.kkf-oca.ch\/fr\/bildungsangebote-schulen\/\">Offres de formation pour les classes scolaires \u2192<\/a><\/h3><p>\nLes s\u00e9ances d'information et de sensibilisation sur le th\u00e8me \u00abExil et asile\u00bb sont destin\u00e9es aux \u00e9coles, aux paroisses et aux autres parties int\u00e9ress\u00e9es.\n<\/p><\/div><\/div><div class=\"ppb-col panel-grid-cell \" id=\"pgc-7611-1-1\" ><div id=\"panel-7611-1-1-0\" class=\"ppb-block ppb-no-mobile-spacing\" style=\"margin-left: 2px;max-width: 462px;\" ><h3>\u00a0<\/h3><h3><a href=\"https:\/\/www.kkf-oca.ch\/bildungsangebote-freiwillige\/\">Offres de formation pour les b\u00e9n\u00e9voles \u2192<\/a><\/h3><p>\nPour les b\u00e9n\u00e9voles dans le domaine de l'asile, l'OCA propose d'une part le cours de base <a href=\"https:\/\/www.kkf-oca.ch\/bildungsangebote-freiwillige\/#fundamente-grundlagenkurs\"><strong>\u00abFundamente\u00bb<\/strong><\/a> et d'autre part les ateliers sur mesure\u00a0<strong><a href=\"https:\/\/www.kkf-oca.ch\/bildungsangebote-freiwillige\/#engagiert\">\u00abMon engagement pour les personnes r\u00e9fugi\u00e9es\u00bb<\/a><\/strong> pour les groupes de b\u00e9n\u00e9voles.\n<\/p><\/div><\/div><\/div><!--.panel-grid-cell-container--><\/div><!--.panel-row-style--><\/div><!--.panel-grid-->\t\t<\/div>\n\t\t","protected":false},"excerpt":{"rendered":"<p>Les offres de formation de l&rsquo;OCA sur le th\u00e8me des r\u00e9fugi\u00e9s et de l&rsquo;asile s&rsquo;adressent \u00e0 diff\u00e9rents groupes cibles. Les cours et les ateliers sont anim\u00e9s par des sp\u00e9cialistes de l&rsquo;OCA et des experts externes.\u00a0Offres de formation pour les professionnel-le-s<\/p>\n","protected":false},"author":7,"featured_media":0,"parent":0,"menu_order":0,"comment_status":"closed","ping_status":"closed","template":"","meta":{"footnotes":""},"class_list":["post-7611","page","type-page","status-publish","hentry"],"yoast_head":"<!-- This site is optimized with the Yoast SEO plugin v27.4 - https:\/\/yoast.com\/product\/yoast-seo-wordpress\/ -->\n<title>Offres | Offres de formation - KKF OCA<\/title>\n<meta name=\"robots\" content=\"index, follow, max-snippet:-1, max-image-preview:large, max-video-preview:-1\" \/>\n<link rel=\"canonical\" href=\"https:\/\/www.kkf-oca.ch\/angebote-bildungsangebote\/\" \/>\n<meta property=\"og:locale\" content=\"fr_FR\" \/>\n<meta property=\"og:type\" content=\"article\" \/>\n<meta property=\"og:title\" content=\"Offres | Offres de formation - KKF OCA\" \/>\n<meta property=\"og:description\" content=\"Les offres de formation de l&#039;OCA sur le th\u00e8me des r\u00e9fugi\u00e9s et de l&#039;asile s&#039;adressent \u00e0 diff\u00e9rents groupes cibles. Les cours et les ateliers sont anim\u00e9s par des sp\u00e9cialistes de l&#039;OCA et des experts externes.\u00a0Offres de formation pour les professionnel-le-s\" \/>\n<meta property=\"og:url\" content=\"https:\/\/www.kkf-oca.ch\/angebote-bildungsangebote\/\" \/>\n<meta property=\"og:site_name\" content=\"KKF OCA\" \/>\n<meta property=\"article:publisher\" content=\"https:\/\/www.facebook.com\/kkf.oca\/\" \/>\n<meta property=\"article:modified_time\" content=\"2026-03-31T07:19:36+00:00\" \/>\n<meta name=\"twitter:card\" content=\"summary_large_image\" \/>\n<meta name=\"twitter:label1\" content=\"Dur\u00e9e de lecture estim\u00e9e\" \/>\n\t<meta name=\"twitter:data1\" content=\"3 minutes\" \/>\n<script type=\"application\/ld+json\" class=\"yoast-schema-graph\">{\"@context\":\"https:\\\/\\\/schema.org\",\"@graph\":[{\"@type\":\"WebPage\",\"@id\":\"https:\\\/\\\/www.kkf-oca.ch\\\/angebote-bildungsangebote\\\/\",\"url\":\"https:\\\/\\\/www.kkf-oca.ch\\\/angebote-bildungsangebote\\\/\",\"name\":\"Offres | Offres de formation - KKF OCA\",\"isPartOf\":{\"@id\":\"https:\\\/\\\/www.kkf-oca.ch\\\/#website\"},\"datePublished\":\"2020-11-17T13:56:55+00:00\",\"dateModified\":\"2026-03-31T07:19:36+00:00\",\"breadcrumb\":{\"@id\":\"https:\\\/\\\/www.kkf-oca.ch\\\/angebote-bildungsangebote\\\/#breadcrumb\"},\"inLanguage\":\"fr-FR\",\"potentialAction\":[{\"@type\":\"ReadAction\",\"target\":[\"https:\\\/\\\/www.kkf-oca.ch\\\/angebote-bildungsangebote\\\/\"]}]},{\"@type\":\"BreadcrumbList\",\"@id\":\"https:\\\/\\\/www.kkf-oca.ch\\\/angebote-bildungsangebote\\\/#breadcrumb\",\"itemListElement\":[{\"@type\":\"ListItem\",\"position\":1,\"name\":\"Startseite\",\"item\":\"https:\\\/\\\/www.kkf-oca.ch\\\/\"},{\"@type\":\"ListItem\",\"position\":2,\"name\":\"Offres | Offres de formation\"}]},{\"@type\":\"WebSite\",\"@id\":\"https:\\\/\\\/www.kkf-oca.ch\\\/#website\",\"url\":\"https:\\\/\\\/www.kkf-oca.ch\\\/\",\"name\":\"KKF OCA\",\"description\":\"\",\"publisher\":{\"@id\":\"https:\\\/\\\/www.kkf-oca.ch\\\/#organization\"},\"potentialAction\":[{\"@type\":\"SearchAction\",\"target\":{\"@type\":\"EntryPoint\",\"urlTemplate\":\"https:\\\/\\\/www.kkf-oca.ch\\\/?s={search_term_string}\"},\"query-input\":{\"@type\":\"PropertyValueSpecification\",\"valueRequired\":true,\"valueName\":\"search_term_string\"}}],\"inLanguage\":\"fr-FR\"},{\"@type\":\"Organization\",\"@id\":\"https:\\\/\\\/www.kkf-oca.ch\\\/#organization\",\"name\":\"Kirchliche Kontaktstelle f\u00fcr Fl\u00fcchtlingsfragen KKF\",\"url\":\"https:\\\/\\\/www.kkf-oca.ch\\\/\",\"logo\":{\"@type\":\"ImageObject\",\"inLanguage\":\"fr-FR\",\"@id\":\"https:\\\/\\\/www.kkf-oca.ch\\\/#\\\/schema\\\/logo\\\/image\\\/\",\"url\":\"https:\\\/\\\/www.kkf-oca.ch\\\/wp-content\\\/uploads\\\/KKFOCA_logo_blau_rgb_150ppi.jpg\",\"contentUrl\":\"https:\\\/\\\/www.kkf-oca.ch\\\/wp-content\\\/uploads\\\/KKFOCA_logo_blau_rgb_150ppi.jpg\",\"width\":596,\"height\":135,\"caption\":\"Kirchliche Kontaktstelle f\u00fcr Fl\u00fcchtlingsfragen KKF\"},\"image\":{\"@id\":\"https:\\\/\\\/www.kkf-oca.ch\\\/#\\\/schema\\\/logo\\\/image\\\/\"},\"sameAs\":[\"https:\\\/\\\/www.facebook.com\\\/kkf.oca\\\/\"]}]}<\/script>\n<!-- \/ Yoast SEO plugin. -->","yoast_head_json":{"title":"Offres | Offres de formation - KKF OCA","robots":{"index":"index","follow":"follow","max-snippet":"max-snippet:-1","max-image-preview":"max-image-preview:large","max-video-preview":"max-video-preview:-1"},"canonical":"https:\/\/www.kkf-oca.ch\/angebote-bildungsangebote\/","og_locale":"fr_FR","og_type":"article","og_title":"Offres | Offres de formation - KKF OCA","og_description":"Les offres de formation de l'OCA sur le th\u00e8me des r\u00e9fugi\u00e9s et de l'asile s'adressent \u00e0 diff\u00e9rents groupes cibles. Les cours et les ateliers sont anim\u00e9s par des sp\u00e9cialistes de l'OCA et des experts externes.\u00a0Offres de formation pour les professionnel-le-s","og_url":"https:\/\/www.kkf-oca.ch\/angebote-bildungsangebote\/","og_site_name":"KKF OCA","article_publisher":"https:\/\/www.facebook.com\/kkf.oca\/","article_modified_time":"2026-03-31T07:19:36+00:00","twitter_card":"summary_large_image","twitter_misc":{"Dur\u00e9e de lecture estim\u00e9e":"3 minutes"},"schema":{"@context":"https:\/\/schema.org","@graph":[{"@type":"WebPage","@id":"https:\/\/www.kkf-oca.ch\/angebote-bildungsangebote\/","url":"https:\/\/www.kkf-oca.ch\/angebote-bildungsangebote\/","name":"Offres | Offres de formation - KKF OCA","isPartOf":{"@id":"https:\/\/www.kkf-oca.ch\/#website"},"datePublished":"2020-11-17T13:56:55+00:00","dateModified":"2026-03-31T07:19:36+00:00","breadcrumb":{"@id":"https:\/\/www.kkf-oca.ch\/angebote-bildungsangebote\/#breadcrumb"},"inLanguage":"fr-FR","potentialAction":[{"@type":"ReadAction","target":["https:\/\/www.kkf-oca.ch\/angebote-bildungsangebote\/"]}]},{"@type":"BreadcrumbList","@id":"https:\/\/www.kkf-oca.ch\/angebote-bildungsangebote\/#breadcrumb","itemListElement":[{"@type":"ListItem","position":1,"name":"Startseite","item":"https:\/\/www.kkf-oca.ch\/"},{"@type":"ListItem","position":2,"name":"Offres | Offres de formation"}]},{"@type":"WebSite","@id":"https:\/\/www.kkf-oca.ch\/#website","url":"https:\/\/www.kkf-oca.ch\/","name":"KKF OCA","description":"","publisher":{"@id":"https:\/\/www.kkf-oca.ch\/#organization"},"potentialAction":[{"@type":"SearchAction","target":{"@type":"EntryPoint","urlTemplate":"https:\/\/www.kkf-oca.ch\/?s={search_term_string}"},"query-input":{"@type":"PropertyValueSpecification","valueRequired":true,"valueName":"search_term_string"}}],"inLanguage":"fr-FR"},{"@type":"Organization","@id":"https:\/\/www.kkf-oca.ch\/#organization","name":"Kirchliche Kontaktstelle f\u00fcr Fl\u00fcchtlingsfragen KKF","url":"https:\/\/www.kkf-oca.ch\/","logo":{"@type":"ImageObject","inLanguage":"fr-FR","@id":"https:\/\/www.kkf-oca.ch\/#\/schema\/logo\/image\/","url":"https:\/\/www.kkf-oca.ch\/wp-content\/uploads\/KKFOCA_logo_blau_rgb_150ppi.jpg","contentUrl":"https:\/\/www.kkf-oca.ch\/wp-content\/uploads\/KKFOCA_logo_blau_rgb_150ppi.jpg","width":596,"height":135,"caption":"Kirchliche Kontaktstelle f\u00fcr Fl\u00fcchtlingsfragen KKF"},"image":{"@id":"https:\/\/www.kkf-oca.ch\/#\/schema\/logo\/image\/"},"sameAs":["https:\/\/www.facebook.com\/kkf.oca\/"]}]}},"_links":{"self":[{"href":"https:\/\/www.kkf-oca.ch\/fr\/wp-json\/wp\/v2\/pages\/7611","targetHints":{"allow":["GET"]}}],"collection":[{"href":"https:\/\/www.kkf-oca.ch\/fr\/wp-json\/wp\/v2\/pages"}],"about":[{"href":"https:\/\/www.kkf-oca.ch\/fr\/wp-json\/wp\/v2\/types\/page"}],"author":[{"embeddable":true,"href":"https:\/\/www.kkf-oca.ch\/fr\/wp-json\/wp\/v2\/users\/7"}],"replies":[{"embeddable":true,"href":"https:\/\/www.kkf-oca.ch\/fr\/wp-json\/wp\/v2\/comments?post=7611"}],"version-history":[{"count":30,"href":"https:\/\/www.kkf-oca.ch\/fr\/wp-json\/wp\/v2\/pages\/7611\/revisions"}],"predecessor-version":[{"id":12478,"href":"https:\/\/www.kkf-oca.ch\/fr\/wp-json\/wp\/v2\/pages\/7611\/revisions\/12478"}],"wp:attachment":[{"href":"https:\/\/www.kkf-oca.ch\/fr\/wp-json\/wp\/v2\/media?parent=7611"}],"curies":[{"name":"wp","href":"https:\/\/api.w.org\/{rel}","templated":true}]}}